{"id":3,"date":"2021-01-01T15:24:00","date_gmt":"2021-01-01T14:24:00","guid":{"rendered":"http:\/\/www.bulgarie-bg.com\/blog\/?page_id=3"},"modified":"2022-02-10T13:14:14","modified_gmt":"2022-02-10T12:14:14","slug":"politique-de-confidentialite","status":"publish","type":"page","link":"https:\/\/www.bulgarie-bg.com\/blog\/politique-de-confidentialite\/","title":{"rendered":"Politique de confidentialit\u00e9"},"content":{"rendered":"\nBulgarie-BG participe et est conforme \u00e0 l&rsquo;ensemble des Sp\u00e9cifications et Politiques du Transparency &amp; Consent Framework de l&rsquo;IAB Europe. [Il\/Elle] utilise la Consent Management Platform n\u00b092.<br><br>Vous pouvez modifier vos choix \u00e0 tout moment en <a href=\"javascript:Sddan.cmp.displayUI()\">cliquant ici<\/a>.\n\n\n\n<p class=\" eplus-wrapper\"><\/p>\n\n\n\n<div style=\"height:59px\" aria-hidden=\"true\" class=\"wp-block-spacer eplus-wrapper\"><\/div>\n\n\n<p>[matomo_opt_out]<\/p>\n\n\n\n<div id=\"ez-toc-container\" class=\"ez-toc-v2_0_82_2 counter-hierarchy ez-toc-counter ez-toc-light-blue ez-toc-container-direction\">\n<div class=\"ez-toc-title-container\">\n<p class=\"ez-toc-title\" style=\"cursor:inherit\">Table of Contents<\/p>\n<span class=\"ez-toc-title-toggle\"><a href=\"#\" class=\"ez-toc-pull-right ez-toc-btn ez-toc-btn-xs ez-toc-btn-default ez-toc-toggle\" aria-label=\"Toggle Table of Content\"><span class=\"ez-toc-js-icon-con\"><span class=\"\"><span class=\"eztoc-hide\" style=\"display:none;\">Toggle<\/span><span class=\"ez-toc-icon-toggle-span\"><svg style=\"fill: #999;color:#999\" xmlns=\"http:\/\/www.w3.org\/2000\/svg\" class=\"list-377408\" width=\"20px\" height=\"20px\" viewBox=\"0 0 24 24\" fill=\"none\"><path d=\"M6 6H4v2h2V6zm14 0H8v2h12V6zM4 11h2v2H4v-2zm16 0H8v2h12v-2zM4 16h2v2H4v-2zm16 0H8v2h12v-2z\" fill=\"currentColor\"><\/path><\/svg><svg style=\"fill: #999;color:#999\" class=\"arrow-unsorted-368013\" xmlns=\"http:\/\/www.w3.org\/2000\/svg\" width=\"10px\" height=\"10px\" viewBox=\"0 0 24 24\" version=\"1.2\" baseProfile=\"tiny\"><path d=\"M18.2 9.3l-6.2-6.3-6.2 6.3c-.2.2-.3.4-.3.7s.1.5.3.7c.2.2.4.3.7.3h11c.3 0 .5-.1.7-.3.2-.2.3-.5.3-.7s-.1-.5-.3-.7zM5.8 14.7l6.2 6.3 6.2-6.3c.2-.2.3-.5.3-.7s-.1-.5-.3-.7c-.2-.2-.4-.3-.7-.3h-11c-.3 0-.5.1-.7.3-.2.2-.3.5-.3.7s.1.5.3.7z\"\/><\/svg><\/span><\/span><\/span><\/a><\/span><\/div>\n<nav><ul class='ez-toc-list ez-toc-list-level-1 ' ><li class='ez-toc-page-1 ez-toc-heading-level-2'><a class=\"ez-toc-link ez-toc-heading-1\" href=\"https:\/\/www.bulgarie-bg.com\/blog\/politique-de-confidentialite\/#Qui_sommes-nous\" >Qui sommes-nous\u00a0?<\/a><\/li><li class='ez-toc-page-1 ez-toc-heading-level-2'><a class=\"ez-toc-link ez-toc-heading-2\" href=\"https:\/\/www.bulgarie-bg.com\/blog\/politique-de-confidentialite\/#Utilisation_des_donnees_personnelles_collectees\" >Utilisation des donn\u00e9es personnelles collect\u00e9es<\/a><ul class='ez-toc-list-level-3' ><li class='ez-toc-heading-level-3'><a class=\"ez-toc-link ez-toc-heading-3\" href=\"https:\/\/www.bulgarie-bg.com\/blog\/politique-de-confidentialite\/#Commentaires\" >Commentaires<\/a><\/li><li class='ez-toc-page-1 ez-toc-heading-level-3'><a class=\"ez-toc-link ez-toc-heading-4\" href=\"https:\/\/www.bulgarie-bg.com\/blog\/politique-de-confidentialite\/#Medias\" >M\u00e9dias<\/a><\/li><li class='ez-toc-page-1 ez-toc-heading-level-3'><a class=\"ez-toc-link ez-toc-heading-5\" href=\"https:\/\/www.bulgarie-bg.com\/blog\/politique-de-confidentialite\/#Formulaires_de_contact\" >Formulaires de contact<\/a><\/li><li class='ez-toc-page-1 ez-toc-heading-level-3'><a class=\"ez-toc-link ez-toc-heading-6\" href=\"https:\/\/www.bulgarie-bg.com\/blog\/politique-de-confidentialite\/#Cookies\" >Cookies<\/a><\/li><li class='ez-toc-page-1 ez-toc-heading-level-3'><a class=\"ez-toc-link ez-toc-heading-7\" href=\"https:\/\/www.bulgarie-bg.com\/blog\/politique-de-confidentialite\/#Contenu_embarque_depuis_dautres_sites\" >Contenu embarqu\u00e9 depuis d\u2019autres sites<\/a><\/li><li class='ez-toc-page-1 ez-toc-heading-level-3'><a class=\"ez-toc-link ez-toc-heading-8\" href=\"https:\/\/www.bulgarie-bg.com\/blog\/politique-de-confidentialite\/#Statistiques_et_mesures_daudience\" >Statistiques et mesures d\u2019audience<\/a><\/li><\/ul><\/li><li class='ez-toc-page-1 ez-toc-heading-level-2'><a class=\"ez-toc-link ez-toc-heading-9\" href=\"https:\/\/www.bulgarie-bg.com\/blog\/politique-de-confidentialite\/#Utilisation_et_transmission_de_vos_donnees_personnelles\" >Utilisation et transmission de vos donn\u00e9es personnelles<\/a><\/li><li class='ez-toc-page-1 ez-toc-heading-level-2'><a class=\"ez-toc-link ez-toc-heading-10\" href=\"https:\/\/www.bulgarie-bg.com\/blog\/politique-de-confidentialite\/#Durees_de_stockage_de_vos_donnees\" >Dur\u00e9es de stockage de vos donn\u00e9es<\/a><\/li><li class='ez-toc-page-1 ez-toc-heading-level-2'><a class=\"ez-toc-link ez-toc-heading-11\" href=\"https:\/\/www.bulgarie-bg.com\/blog\/politique-de-confidentialite\/#Les_droits_que_vous_avez_sur_vos_donnees\" >Les droits que vous avez sur vos donn\u00e9es<\/a><\/li><li class='ez-toc-page-1 ez-toc-heading-level-2'><a class=\"ez-toc-link ez-toc-heading-12\" href=\"https:\/\/www.bulgarie-bg.com\/blog\/politique-de-confidentialite\/#Transmission_de_vos_donnees_personnelles\" >Transmission de vos donn\u00e9es personnelles<\/a><\/li><li class='ez-toc-page-1 ez-toc-heading-level-2'><a class=\"ez-toc-link ez-toc-heading-13\" href=\"https:\/\/www.bulgarie-bg.com\/blog\/politique-de-confidentialite\/#Informations_de_contact\" >Informations de contact<\/a><\/li><li class='ez-toc-page-1 ez-toc-heading-level-2'><a class=\"ez-toc-link ez-toc-heading-14\" href=\"https:\/\/www.bulgarie-bg.com\/blog\/politique-de-confidentialite\/#Informations_supplementaires\" >Informations suppl\u00e9mentaires<\/a><ul class='ez-toc-list-level-3' ><li class='ez-toc-heading-level-3'><a class=\"ez-toc-link ez-toc-heading-15\" href=\"https:\/\/www.bulgarie-bg.com\/blog\/politique-de-confidentialite\/#Comment_nous_protegeons_vos_donnees\" >Comment nous prot\u00e9geons vos donn\u00e9es<\/a><\/li><li class='ez-toc-page-1 ez-toc-heading-level-3'><a class=\"ez-toc-link ez-toc-heading-16\" href=\"https:\/\/www.bulgarie-bg.com\/blog\/politique-de-confidentialite\/#Procedures_mises_en_oeuvre_en_cas_de_fuite_de_donnees\" >Proc\u00e9dures mises en \u0153uvre en cas de fuite de donn\u00e9es<\/a><\/li><li class='ez-toc-page-1 ez-toc-heading-level-3'><a class=\"ez-toc-link ez-toc-heading-17\" href=\"https:\/\/www.bulgarie-bg.com\/blog\/politique-de-confidentialite\/#Les_services_tiers_qui_nous_transmettent_des_donnees\" >Les services tiers qui nous transmettent des donn\u00e9es<\/a><\/li><li class='ez-toc-page-1 ez-toc-heading-level-3'><a class=\"ez-toc-link ez-toc-heading-18\" href=\"https:\/\/www.bulgarie-bg.com\/blog\/politique-de-confidentialite\/#Operations_de_marketing_automatise_etou_de_profilage_realisees_a_laide_des_donnees_personnelles\" >Op\u00e9rations de marketing automatis\u00e9 et\/ou de profilage r\u00e9alis\u00e9es \u00e0 l\u2019aide des donn\u00e9es personnelles<\/a><\/li><li class='ez-toc-page-1 ez-toc-heading-level-3'><a class=\"ez-toc-link ez-toc-heading-19\" href=\"https:\/\/www.bulgarie-bg.com\/blog\/politique-de-confidentialite\/#Affichage_des_informations_liees_aux_secteurs_soumis_a_des_regulations_specifiques\" >Affichage des informations li\u00e9es aux secteurs soumis \u00e0 des r\u00e9gulations sp\u00e9cifiques<\/a><\/li><\/ul><\/li><\/ul><\/nav><\/div>\n<h2 class=\"eplus-wrapper wp-block-heading\" id=\"qui-sommes-nous\"><span class=\"ez-toc-section\" id=\"Qui_sommes-nous\"><\/span>Qui sommes-nous\u00a0?<span class=\"ez-toc-section-end\"><\/span><\/h2>\n\n\n\n<p class=\" eplus-wrapper\">L\u2019adresse de notre site est&nbsp;: http:\/\/www.bulgarie-bg.com\/blog.<\/p>\n\n\n\n<h2 class=\"eplus-wrapper wp-block-heading\" id=\"utilisation-des-donnees-personnelles-collectees\"><span class=\"ez-toc-section\" id=\"Utilisation_des_donnees_personnelles_collectees\"><\/span>Utilisation des donn\u00e9es personnelles collect\u00e9es<span class=\"ez-toc-section-end\"><\/span><\/h2>\n\n\n\n<h3 class=\"eplus-wrapper wp-block-heading\" id=\"commentaires\"><span class=\"ez-toc-section\" id=\"Commentaires\"><\/span>Commentaires<span class=\"ez-toc-section-end\"><\/span><\/h3>\n\n\n\n<p class=\" eplus-wrapper\">Quand vous laissez un commentaire sur notre site, les donn\u00e9es inscrites dans le formulaire de commentaire, mais aussi votre adresse IP et l\u2019agent utilisateur de votre navigateur sont collect\u00e9s pour nous aider \u00e0 la d\u00e9tection des commentaires ind\u00e9sirables.<\/p>\n\n\n\n<p class=\" eplus-wrapper\">Une cha\u00eene anonymis\u00e9e cr\u00e9\u00e9e \u00e0 partir de votre adresse e-mail (\u00e9galement appel\u00e9e hash) peut \u00eatre envoy\u00e9e au service Gravatar pour v\u00e9rifier si vous utilisez ce dernier. Les clauses de confidentialit\u00e9 du service Gravatar sont disponibles ici&nbsp;: https:\/\/automattic.com\/privacy\/. Apr\u00e8s validation de votre commentaire, votre photo de profil sera visible publiquement \u00e0 cot\u00e9 de votre commentaire.<\/p>\n\n\n\n<h3 class=\"eplus-wrapper wp-block-heading\" id=\"medias\"><span class=\"ez-toc-section\" id=\"Medias\"><\/span>M\u00e9dias<span class=\"ez-toc-section-end\"><\/span><\/h3>\n\n\n\n<p class=\" eplus-wrapper\">Si vous t\u00e9l\u00e9versez des images sur le site, nous vous conseillons d\u2019\u00e9viter de t\u00e9l\u00e9verser des images contenant des donn\u00e9es EXIF de coordonn\u00e9es GPS. Les personnes visitant votre site peuvent t\u00e9l\u00e9charger et extraire des donn\u00e9es de localisation depuis ces images.<\/p>\n\n\n\n<h3 class=\"eplus-wrapper wp-block-heading\" id=\"formulaires-de-contact\"><span class=\"ez-toc-section\" id=\"Formulaires_de_contact\"><\/span>Formulaires de contact<span class=\"ez-toc-section-end\"><\/span><\/h3>\n\n\n\n<h3 class=\"eplus-wrapper wp-block-heading\" id=\"cookies\"><span class=\"ez-toc-section\" id=\"Cookies\"><\/span>Cookies<span class=\"ez-toc-section-end\"><\/span><\/h3>\n\n\n\n<p class=\" eplus-wrapper\">Si vous d\u00e9posez un commentaire sur notre site, il vous sera propos\u00e9 d\u2019enregistrer votre nom, adresse e-mail et site dans des cookies. C\u2019est uniquement pour votre confort afin de ne pas avoir \u00e0 saisir ces informations si vous d\u00e9posez un autre commentaire plus tard. Ces cookies expirent au bout d\u2019un an.<\/p>\n\n\n\n<p class=\" eplus-wrapper\">Si vous vous rendez sur la page de connexion, un cookie temporaire sera cr\u00e9\u00e9 afin de d\u00e9terminer si votre navigateur accepte les cookies. Il ne contient pas de donn\u00e9es personnelles et sera supprim\u00e9 automatiquement \u00e0 la fermeture de votre navigateur.<\/p>\n\n\n\n<p class=\" eplus-wrapper\">Lorsque vous vous connecterez, nous mettrons en place un certain nombre de cookies pour enregistrer vos informations de connexion et vos pr\u00e9f\u00e9rences d\u2019\u00e9cran. La dur\u00e9e de vie d\u2019un cookie de connexion est de deux jours, celle d\u2019un cookie d\u2019option d\u2019\u00e9cran est d\u2019un an. Si vous cochez \u00ab&nbsp;Se souvenir de moi&nbsp;\u00bb, votre cookie de connexion sera conserv\u00e9 pendant deux semaines. Si vous vous d\u00e9connectez de votre compte, le cookie de connexion sera effac\u00e9.<\/p>\n\n\n\n<p class=\" eplus-wrapper\">En modifiant ou en publiant une publication, un cookie suppl\u00e9mentaire sera enregistr\u00e9 dans votre navigateur. Ce cookie ne comprend aucune donn\u00e9e personnelle. Il indique simplement l\u2019ID de la publication que vous venez de modifier. Il expire au bout d\u2019un jour.<\/p>\n\n\n\n<h3 class=\"eplus-wrapper wp-block-heading\" id=\"contenu-embarque-depuis-d-autres-sites\"><span class=\"ez-toc-section\" id=\"Contenu_embarque_depuis_dautres_sites\"><\/span>Contenu embarqu\u00e9 depuis d\u2019autres sites<span class=\"ez-toc-section-end\"><\/span><\/h3>\n\n\n\n<p class=\" eplus-wrapper\">Les articles de ce site peuvent inclure des contenus int\u00e9gr\u00e9s (par exemple des vid\u00e9os, images, articles\u2026). Le contenu int\u00e9gr\u00e9 depuis d\u2019autres sites se comporte de la m\u00eame mani\u00e8re que si le visiteur se rendait sur cet autre site.<\/p>\n\n\n\n<p class=\" eplus-wrapper\">Ces sites web pourraient collecter des donn\u00e9es sur vous, utiliser des cookies, embarquer des outils de suivis tiers, suivre vos interactions avec ces contenus embarqu\u00e9s si vous disposez d\u2019un compte connect\u00e9 sur leur site web.<\/p>\n\n\n\n<strong>D\u00e9p\u00f4t de cookies par Sirdata<\/strong><br><br>Sirdata est une entreprise de data marketing qui permet \u00e0 ses Clients d&rsquo;adresser aux Utilisateurs des offres pertinentes adapt\u00e9es \u00e0 leurs centres d&rsquo;int\u00e9r\u00eat.<br>Les Donn\u00e9es collect\u00e9es par Sirdata sont conserv\u00e9es pour une dur\u00e9e maximale de 365 jours, selon la finalit\u00e9 du traitement, conform\u00e9ment aux lois en vigueur et principe de minimisation.<br>En savoir plus : <a href=\"https:\/\/www.sirdata.com\/vie-privee\/\" target=\"_blank\" rel=\"noopener\">https:\/\/www.sirdata.com\/vie-privee\/<\/a><br>Vous souhaitez d\u00e9sactiver la collecte de vos donn\u00e9es par Sirdata : <a href=\"https:\/\/www.sirdata.com\/opposition\/\" target=\"_blank\" rel=\"noopener\">https:\/\/www.sirdata.com\/opposition\/<\/a>\n\n\n\n<h3 class=\"eplus-wrapper wp-block-heading\" id=\"statistiques-et-mesures-d-audience\"><span class=\"ez-toc-section\" id=\"Statistiques_et_mesures_daudience\"><\/span>Statistiques et mesures d\u2019audience<span class=\"ez-toc-section-end\"><\/span><\/h3>\n\n\n\n<h2 class=\"eplus-wrapper wp-block-heading\" id=\"utilisation-et-transmission-de-vos-donnees-personnelles\"><span class=\"ez-toc-section\" id=\"Utilisation_et_transmission_de_vos_donnees_personnelles\"><\/span>Utilisation et transmission de vos donn\u00e9es personnelles<span class=\"ez-toc-section-end\"><\/span><\/h2>\n\n\n\n<p class=\" eplus-wrapper\">Si vous demandez une r\u00e9initialisation de votre mot de passe, votre adresse IP sera incluse dans l\u2019e-mail de r\u00e9initialisation.<\/p>\n\n\n\n<h2 class=\"eplus-wrapper wp-block-heading\" id=\"durees-de-stockage-de-vos-donnees\"><span class=\"ez-toc-section\" id=\"Durees_de_stockage_de_vos_donnees\"><\/span>Dur\u00e9es de stockage de vos donn\u00e9es<span class=\"ez-toc-section-end\"><\/span><\/h2>\n\n\n\n<p class=\" eplus-wrapper\">Si vous laissez un commentaire, le commentaire et ses m\u00e9tadonn\u00e9es sont conserv\u00e9s ind\u00e9finiment. Cela permet de reconna\u00eetre et approuver automatiquement les commentaires suivants au lieu de les laisser dans la file de mod\u00e9ration.<\/p>\n\n\n\n<p class=\" eplus-wrapper\">Pour les comptes qui s\u2019inscrivent sur notre site (le cas \u00e9ch\u00e9ant), nous stockons \u00e9galement les donn\u00e9es personnelles indiqu\u00e9es dans leur profil. Tous les comptes peuvent voir, modifier ou supprimer leurs informations personnelles \u00e0 tout moment (\u00e0 l\u2019exception de leur identifiant). Les gestionnaires du site peuvent aussi voir et modifier ces informations.<\/p>\n\n\n\n<h2 class=\"eplus-wrapper wp-block-heading\" id=\"les-droits-que-vous-avez-sur-vos-donnees\"><span class=\"ez-toc-section\" id=\"Les_droits_que_vous_avez_sur_vos_donnees\"><\/span>Les droits que vous avez sur vos donn\u00e9es<span class=\"ez-toc-section-end\"><\/span><\/h2>\n\n\n\n<p class=\" eplus-wrapper\">Si vous avez un compte ou si vous avez laiss\u00e9 des commentaires sur le site, vous pouvez demander \u00e0 recevoir un fichier contenant toutes les donn\u00e9es personnelles que nous poss\u00e9dons \u00e0 votre sujet, incluant celles que vous nous avez fournies. Vous pouvez \u00e9galement demander la suppression des donn\u00e9es personnelles vous concernant. Cela ne prend pas en compte les donn\u00e9es stock\u00e9es \u00e0 des fins administratives, l\u00e9gales ou pour des raisons de s\u00e9curit\u00e9.<\/p>\n\n\n\n<h2 class=\"eplus-wrapper wp-block-heading\" id=\"transmission-de-vos-donnees-personnelles\"><span class=\"ez-toc-section\" id=\"Transmission_de_vos_donnees_personnelles\"><\/span>Transmission de vos donn\u00e9es personnelles<span class=\"ez-toc-section-end\"><\/span><\/h2>\n\n\n\n<p class=\" eplus-wrapper\">Les commentaires des visiteurs peuvent \u00eatre v\u00e9rifi\u00e9s \u00e0 l\u2019aide d\u2019un service automatis\u00e9 de d\u00e9tection des commentaires ind\u00e9sirables.<\/p>\n\n\n\n<h2 class=\"eplus-wrapper wp-block-heading\" id=\"informations-de-contact\"><span class=\"ez-toc-section\" id=\"Informations_de_contact\"><\/span>Informations de contact<span class=\"ez-toc-section-end\"><\/span><\/h2>\n\n\n\n<h2 class=\"eplus-wrapper wp-block-heading\" id=\"informations-supplementaires\"><span class=\"ez-toc-section\" id=\"Informations_supplementaires\"><\/span>Informations suppl\u00e9mentaires<span class=\"ez-toc-section-end\"><\/span><\/h2>\n\n\n\n<h3 class=\"eplus-wrapper wp-block-heading\" id=\"comment-nous-protegeons-vos-donnees\"><span class=\"ez-toc-section\" id=\"Comment_nous_protegeons_vos_donnees\"><\/span>Comment nous prot\u00e9geons vos donn\u00e9es<span class=\"ez-toc-section-end\"><\/span><\/h3>\n\n\n\n<h3 class=\"eplus-wrapper wp-block-heading\" id=\"procedures-mises-en-oeuvre-en-cas-de-fuite-de-donnees\"><span class=\"ez-toc-section\" id=\"Procedures_mises_en_oeuvre_en_cas_de_fuite_de_donnees\"><\/span>Proc\u00e9dures mises en \u0153uvre en cas de fuite de donn\u00e9es<span class=\"ez-toc-section-end\"><\/span><\/h3>\n\n\n\n<h3 class=\"eplus-wrapper wp-block-heading\" id=\"les-services-tiers-qui-nous-transmettent-des-donnees\"><span class=\"ez-toc-section\" id=\"Les_services_tiers_qui_nous_transmettent_des_donnees\"><\/span>Les services tiers qui nous transmettent des donn\u00e9es<span class=\"ez-toc-section-end\"><\/span><\/h3>\n\n\n\n<h3 class=\"eplus-wrapper wp-block-heading\" id=\"operations-de-marketing-automatise-et-ou-de-profilage-realisees-a-l-aide-des-donnees-personnelles\"><span class=\"ez-toc-section\" id=\"Operations_de_marketing_automatise_etou_de_profilage_realisees_a_laide_des_donnees_personnelles\"><\/span>Op\u00e9rations de marketing automatis\u00e9 et\/ou de profilage r\u00e9alis\u00e9es \u00e0 l\u2019aide des donn\u00e9es personnelles<span class=\"ez-toc-section-end\"><\/span><\/h3>\n\n\n\n<h3 class=\"eplus-wrapper wp-block-heading\" id=\"affichage-des-informations-liees-aux-secteurs-soumis-a-des-regulations-specifiques\"><span class=\"ez-toc-section\" id=\"Affichage_des_informations_liees_aux_secteurs_soumis_a_des_regulations_specifiques\"><\/span>Affichage des informations li\u00e9es aux secteurs soumis \u00e0 des r\u00e9gulations sp\u00e9cifiques<span class=\"ez-toc-section-end\"><\/span><\/h3>\n\n\n\n<p class=\" eplus-wrapper\"><\/p>\n\n\n\n<p class=\" eplus-wrapper\"><\/p>\n","protected":false},"excerpt":{"rendered":"<p>Bulgarie-BG participe et est conforme \u00e0 l&rsquo;ensemble des Sp\u00e9cifications et Politiques du Transparency &amp; Consent Framework de l&rsquo;IAB Europe. [Il\/Elle] utilise la Consent Management Platform n\u00b092. Vous pouvez modifier vos choix \u00e0 tout moment en cliquant ici. Qui sommes-nous\u00a0? L\u2019adresse de notre site est&nbsp;: http:\/\/www.bulgarie-bg.com\/blog. Utilisation des donn\u00e9es personnelles collect\u00e9es Commentaires Quand vous laissez un commentaire sur notre site, les donn\u00e9es inscrites dans le formulaire de commentaire, mais aussi votre adresse IP et l\u2019agent utilisateur de votre navigateur sont collect\u00e9s pour nous aider \u00e0 la d\u00e9tection des commentaires ind\u00e9sirables. Une cha\u00eene anonymis\u00e9e cr\u00e9\u00e9e \u00e0 partir de votre adresse e-mail (\u00e9galement appel\u00e9e hash) peut \u00eatre envoy\u00e9e au service Gravatar pour v\u00e9rifier si vous utilisez ce dernier. Les clauses de confidentialit\u00e9 du service Gravatar sont disponibles ici&nbsp;: https:\/\/automattic.com\/privacy\/. Apr\u00e8s validation de votre commentaire, votre photo de profil sera visible publiquement \u00e0 cot\u00e9 de votre commentaire. M\u00e9dias Si vous t\u00e9l\u00e9versez des images sur le site, nous vous conseillons d\u2019\u00e9viter de t\u00e9l\u00e9verser des images contenant des donn\u00e9es EXIF de coordonn\u00e9es GPS. Les personnes visitant votre site peuvent t\u00e9l\u00e9charger et extraire des donn\u00e9es de localisation depuis ces images. Formulaires de contact Cookies Si vous d\u00e9posez un commentaire sur notre site, il vous sera propos\u00e9 d\u2019enregistrer&#8230;<\/p>\n","protected":false},"author":1,"featured_media":0,"parent":0,"menu_order":0,"comment_status":"closed","ping_status":"open","template":"","meta":{"_seopress_robots_primary_cat":"","_seopress_titles_title":"","_seopress_titles_desc":"","_seopress_robots_index":"","editor_plus_copied_stylings":"{}","footnotes":""},"class_list":["post-3","page","type-page","status-publish","hentry"],"_links":{"self":[{"href":"https:\/\/www.bulgarie-bg.com\/blog\/wp-json\/wp\/v2\/pages\/3","targetHints":{"allow":["GET"]}}],"collection":[{"href":"https:\/\/www.bulgarie-bg.com\/blog\/wp-json\/wp\/v2\/pages"}],"about":[{"href":"https:\/\/www.bulgarie-bg.com\/blog\/wp-json\/wp\/v2\/types\/page"}],"author":[{"embeddable":true,"href":"https:\/\/www.bulgarie-bg.com\/blog\/wp-json\/wp\/v2\/users\/1"}],"replies":[{"embeddable":true,"href":"https:\/\/www.bulgarie-bg.com\/blog\/wp-json\/wp\/v2\/comments?post=3"}],"version-history":[{"count":4,"href":"https:\/\/www.bulgarie-bg.com\/blog\/wp-json\/wp\/v2\/pages\/3\/revisions"}],"predecessor-version":[{"id":2469,"href":"https:\/\/www.bulgarie-bg.com\/blog\/wp-json\/wp\/v2\/pages\/3\/revisions\/2469"}],"wp:attachment":[{"href":"https:\/\/www.bulgarie-bg.com\/blog\/wp-json\/wp\/v2\/media?parent=3"}],"curies":[{"name":"wp","href":"https:\/\/api.w.org\/{rel}","templated":true}]}}